{"id":85,"date":"2026-01-24T10:58:50","date_gmt":"2026-01-24T10:58:50","guid":{"rendered":"https:\/\/casasevolution.com\/m\/mx\/?page_id=85"},"modified":"2026-01-28T13:31:46","modified_gmt":"2026-01-28T13:31:46","slug":"sorteomx","status":"publish","type":"page","link":"https:\/\/casasevolution.com\/m\/mx\/sorteomx\/","title":{"rendered":"Sorteo MX"},"content":{"rendered":"\t\t<div data-elementor-type=\"wp-page\" data-elementor-id=\"85\" class=\"elementor elementor-85\">\n\t\t\t\t<div class=\"elementor-element elementor-element-1e85638 e-flex e-con-boxed e-con e-parent\" data-id=\"1e85638\" data-element_type=\"container\" data-e-type=\"container\">\n\t\t\t\t\t<div class=\"e-con-inner\">\n\t\t\t\t<div class=\"elementor-element elementor-element-239484a elementor-widget elementor-widget-video\" data-id=\"239484a\" data-element_type=\"widget\" data-e-type=\"widget\" data-settings=\"{&quot;video_type&quot;:&quot;hosted&quot;,&quot;autoplay&quot;:&quot;yes&quot;,&quot;play_on_mobile&quot;:&quot;yes&quot;,&quot;mute&quot;:&quot;yes&quot;,&quot;loop&quot;:&quot;yes&quot;,&quot;controls&quot;:&quot;yes&quot;}\" data-widget_type=\"video.default\">\n\t\t\t\t\t\t\t<div class=\"e-hosted-video elementor-wrapper elementor-open-inline\">\n\t\t\t\t\t<video class=\"elementor-video\" src=\"https:\/\/casasevolution.com\/img\/concurso.mp4\" autoplay=\"\" loop=\"\" controls=\"\" muted=\"muted\" playsinline=\"\" controlsList=\"nodownload\"><\/video>\n\t\t\t\t<\/div>\n\t\t\t\t\t\t<\/div>\n\t\t\t\t\t<\/div>\n\t\t\t\t<\/div>\n\t\t<div class=\"elementor-element elementor-element-e7c7f0d e-flex e-con-boxed e-con e-parent\" data-id=\"e7c7f0d\" data-element_type=\"container\" data-e-type=\"container\">\n\t\t\t\t\t<div class=\"e-con-inner\">\n\t\t\t\t<div class=\"elementor-element elementor-element-dd67c3f elementor-widget elementor-widget-heading\" data-id=\"dd67c3f\" data-element_type=\"widget\" data-e-type=\"widget\" data-widget_type=\"heading.default\">\n\t\t\t\t\t<h2 class=\"elementor-heading-title elementor-size-default\">Regalamos una Casa Evolution  instalada en Mexico<\/h2>\t\t\t\t<\/div>\n\t\t\t\t\t<\/div>\n\t\t\t\t<\/div>\n\t\t<div class=\"elementor-element elementor-element-15a69d9 e-grid e-con-boxed e-con e-parent\" data-id=\"15a69d9\" data-element_type=\"container\" data-e-type=\"container\">\n\t\t\t\t\t<div class=\"e-con-inner\">\n\t\t\t\t<div class=\"elementor-element elementor-element-9c64c0e elementor-widget elementor-widget-image\" data-id=\"9c64c0e\" data-element_type=\"widget\" data-e-type=\"widget\" data-widget_type=\"image.default\">\n\t\t\t\t\t\t\t\t\t\t\t\t\t\t\t<img decoding=\"async\" width=\"380\" height=\"100\" src=\"https:\/\/casasevolution.com\/m\/mx\/wp-content\/uploads\/sites\/5\/2026\/01\/1bullv3.jpg\" class=\"attachment-full size-full wp-image-798\" alt=\"\" srcset=\"https:\/\/casasevolution.com\/m\/mx\/wp-content\/uploads\/sites\/5\/2026\/01\/1bullv3.jpg 380w, https:\/\/casasevolution.com\/m\/mx\/wp-content\/uploads\/sites\/5\/2026\/01\/1bullv3-300x79.jpg 300w\" sizes=\"(max-width: 380px) 100vw, 380px\" \/>\t\t\t\t\t\t\t\t\t\t\t\t\t\t\t<\/div>\n\t\t\t\t<div class=\"elementor-element elementor-element-19fc9a5 elementor-widget elementor-widget-image\" data-id=\"19fc9a5\" data-element_type=\"widget\" data-e-type=\"widget\" data-widget_type=\"image.default\">\n\t\t\t\t\t\t\t\t\t\t\t\t\t\t\t<img decoding=\"async\" width=\"380\" height=\"100\" src=\"https:\/\/casasevolution.com\/m\/mx\/wp-content\/uploads\/sites\/5\/2026\/01\/2bullmx.jpg\" class=\"attachment-large size-large wp-image-810\" alt=\"\" srcset=\"https:\/\/casasevolution.com\/m\/mx\/wp-content\/uploads\/sites\/5\/2026\/01\/2bullmx.jpg 380w, https:\/\/casasevolution.com\/m\/mx\/wp-content\/uploads\/sites\/5\/2026\/01\/2bullmx-300x79.jpg 300w\" sizes=\"(max-width: 380px) 100vw, 380px\" \/>\t\t\t\t\t\t\t\t\t\t\t\t\t\t\t<\/div>\n\t\t\t\t<div class=\"elementor-element elementor-element-8d25ff8 elementor-widget elementor-widget-image\" data-id=\"8d25ff8\" data-element_type=\"widget\" data-e-type=\"widget\" data-widget_type=\"image.default\">\n\t\t\t\t\t\t\t\t\t\t\t\t\t\t\t<img decoding=\"async\" width=\"380\" height=\"100\" src=\"https:\/\/casasevolution.com\/m\/mx\/wp-content\/uploads\/sites\/5\/2026\/01\/3bull.jpg\" class=\"attachment-large size-large wp-image-800\" alt=\"\" srcset=\"https:\/\/casasevolution.com\/m\/mx\/wp-content\/uploads\/sites\/5\/2026\/01\/3bull.jpg 380w, https:\/\/casasevolution.com\/m\/mx\/wp-content\/uploads\/sites\/5\/2026\/01\/3bull-300x79.jpg 300w\" sizes=\"(max-width: 380px) 100vw, 380px\" \/>\t\t\t\t\t\t\t\t\t\t\t\t\t\t\t<\/div>\n\t\t\t\t\t<\/div>\n\t\t\t\t<\/div>\n\t\t<div class=\"elementor-element elementor-element-5eb27db e-grid e-con-boxed e-con e-parent\" data-id=\"5eb27db\" data-element_type=\"container\" data-e-type=\"container\">\n\t\t\t\t\t<div class=\"e-con-inner\">\n\t\t\t\t<div class=\"elementor-element elementor-element-74d2f01 elementor-button-info elementor-widget elementor-widget-button\" data-id=\"74d2f01\" data-element_type=\"widget\" data-e-type=\"widget\" data-widget_type=\"button.default\">\n\t\t\t\t\t\t\t\t\t\t<a class=\"elementor-button elementor-button-link elementor-size-sm\" href=\"#comprar\">\n\t\t\t\t\t\t<span class=\"elementor-button-content-wrapper\">\n\t\t\t\t\t\t\t\t\t<span class=\"elementor-button-text\">\u00a1Participa Ahora! &gt;<\/span>\n\t\t\t\t\t<\/span>\n\t\t\t\t\t<\/a>\n\t\t\t\t\t\t\t\t<\/div>\n\t\t\t\t<div class=\"elementor-element elementor-element-e60408d elementor-button-info elementor-align-center elementor-widget elementor-widget-button\" data-id=\"e60408d\" data-element_type=\"widget\" data-e-type=\"widget\" data-widget_type=\"button.default\">\n\t\t\t\t\t\t\t\t\t\t<a class=\"elementor-button elementor-button-link elementor-size-sm\" href=\"#premios\">\n\t\t\t\t\t\t<span class=\"elementor-button-content-wrapper\">\n\t\t\t\t\t\t\t\t\t<span class=\"elementor-button-text\">Ver Premios<\/span>\n\t\t\t\t\t<\/span>\n\t\t\t\t\t<\/a>\n\t\t\t\t\t\t\t\t<\/div>\n\t\t\t\t\t<\/div>\n\t\t\t\t<\/div>\n\t\t<div class=\"elementor-element elementor-element-6d3ddbb e-con-full e-flex e-con e-parent\" data-id=\"6d3ddbb\" data-element_type=\"container\" data-e-type=\"container\">\n\t\t\t\t<div class=\"elementor-element elementor-element-b2b1849 elementor-widget elementor-widget-heading\" data-id=\"b2b1849\" data-element_type=\"widget\" data-e-type=\"widget\" data-widget_type=\"heading.default\">\n\t\t\t\t\t<h2 class=\"elementor-heading-title elementor-size-default\"><b>2,250<\/b> ya participan \u2022 12,750 cupos restantes\n<\/h2>\t\t\t\t<\/div>\n\t\t\t\t<\/div>\n\t\t<div class=\"elementor-element elementor-element-a269957 e-flex e-con-boxed e-con e-parent\" data-id=\"a269957\" data-element_type=\"container\" data-e-type=\"container\">\n\t\t\t\t\t<div class=\"e-con-inner\">\n\t\t\t\t<div class=\"elementor-element elementor-element-bb946ca elementor-widget elementor-widget-progress\" data-id=\"bb946ca\" data-element_type=\"widget\" data-e-type=\"widget\" data-widget_type=\"progress.default\">\n\t\t\t\t\t\n\t\t<div class=\"elementor-progress-wrapper\" role=\"progressbar\" aria-valuemin=\"0\" aria-valuemax=\"100\" aria-valuenow=\"15\" aria-valuetext=\"15% (Participaciones)\">\n\t\t\t<div class=\"elementor-progress-bar\" data-max=\"15\">\n\t\t\t\t<span class=\"elementor-progress-text\">Participaciones<\/span>\n\t\t\t\t\t\t\t\t\t<span class=\"elementor-progress-percentage\">15%<\/span>\n\t\t\t\t\t\t\t<\/div>\n\t\t<\/div>\n\t\t\t\t\t\t<\/div>\n\t\t\t\t\t<\/div>\n\t\t\t\t<\/div>\n\t\t<div class=\"elementor-element elementor-element-8295ede e-flex e-con-boxed e-con e-parent\" data-id=\"8295ede\" data-element_type=\"container\" data-e-type=\"container\">\n\t\t\t\t\t<div class=\"e-con-inner\">\n\t\t\t\t<div class=\"elementor-element elementor-element-b0c8dc9 elementor-widget elementor-widget-image\" data-id=\"b0c8dc9\" data-element_type=\"widget\" data-e-type=\"widget\" data-widget_type=\"image.default\">\n\t\t\t\t\t\t\t\t\t\t\t\t\t\t\t<img loading=\"lazy\" decoding=\"async\" width=\"1024\" height=\"192\" src=\"https:\/\/casasevolution.com\/m\/mx\/wp-content\/uploads\/sites\/5\/2026\/01\/cardfinalmxoxxo-1024x192.png\" class=\"attachment-large size-large wp-image-783\" alt=\"\" srcset=\"https:\/\/casasevolution.com\/m\/mx\/wp-content\/uploads\/sites\/5\/2026\/01\/cardfinalmxoxxo-1024x192.png 1024w, https:\/\/casasevolution.com\/m\/mx\/wp-content\/uploads\/sites\/5\/2026\/01\/cardfinalmxoxxo-300x56.png 300w, https:\/\/casasevolution.com\/m\/mx\/wp-content\/uploads\/sites\/5\/2026\/01\/cardfinalmxoxxo-768x144.png 768w, https:\/\/casasevolution.com\/m\/mx\/wp-content\/uploads\/sites\/5\/2026\/01\/cardfinalmxoxxo-1536x288.png 1536w, https:\/\/casasevolution.com\/m\/mx\/wp-content\/uploads\/sites\/5\/2026\/01\/cardfinalmxoxxo-600x113.png 600w, https:\/\/casasevolution.com\/m\/mx\/wp-content\/uploads\/sites\/5\/2026\/01\/cardfinalmxoxxo.png 1600w\" sizes=\"(max-width: 1024px) 100vw, 1024px\" \/>\t\t\t\t\t\t\t\t\t\t\t\t\t\t\t<\/div>\n\t\t\t\t\t<\/div>\n\t\t\t\t<\/div>\n\t\t<div class=\"elementor-element elementor-element-bdc321e e-flex e-con-boxed e-con e-parent\" data-id=\"bdc321e\" data-element_type=\"container\" data-e-type=\"container\">\n\t\t\t\t\t<div class=\"e-con-inner\">\n\t\t\t\t<div class=\"elementor-element elementor-element-6af74c6 elementor-widget elementor-widget-heading\" data-id=\"6af74c6\" data-element_type=\"widget\" data-e-type=\"widget\" data-widget_type=\"heading.default\">\n\t\t\t\t\t<h2 class=\"elementor-heading-title elementor-size-default\">\u00bfQu\u00e9 est\u00e1s comprando realmente?<\/h2>\t\t\t\t<\/div>\n\t\t\t\t\t<\/div>\n\t\t\t\t<\/div>\n\t\t<div class=\"elementor-element elementor-element-2088f95 e-flex e-con-boxed e-con e-parent\" data-id=\"2088f95\" data-element_type=\"container\" data-e-type=\"container\">\n\t\t\t\t\t<div class=\"e-con-inner\">\n\t\t\t\t<div class=\"elementor-element elementor-element-2ab8e51 elementor-widget elementor-widget-text-editor\" data-id=\"2ab8e51\" data-element_type=\"widget\" data-e-type=\"widget\" data-widget_type=\"text-editor.default\">\n\t\t\t\t\t\t\t\t\t<p class=\"text-xl leading-relaxed text-gray-300\">Lo que ofrecemos es un\u00a0<strong>programa digital de capacitaci\u00f3n y entrenamiento completo<\/strong>\u00a0dise\u00f1ado para ayudarte a entender, evaluar y aprovechar oportunidades en el mundo de las viviendas modulares y prefabricadas en Mexico.<\/p><p class=\"mt-6 text-xl leading-relaxed text-gray-300\">La participaci\u00f3n en esta promoci\u00f3n (la oportunidad de ganar la Casa Evolution, el HotelBox o el efectivo) es un\u00a0<strong>beneficio promocional complementario<\/strong>\u00a0incluido sin costo adicional. El producto principal es el entrenamiento, no la promoci\u00f3n.<\/p>\t\t\t\t\t\t\t\t<\/div>\n\t\t\t\t\t<\/div>\n\t\t\t\t<\/div>\n\t\t<div class=\"elementor-element elementor-element-2f3ce66 e-flex e-con-boxed e-con e-parent\" data-id=\"2f3ce66\" data-element_type=\"container\" data-e-type=\"container\" id=\"premios\">\n\t\t\t\t\t<div class=\"e-con-inner\">\n\t\t\t\t<div class=\"elementor-element elementor-element-d10d5fb elementor-widget elementor-widget-heading\" data-id=\"d10d5fb\" data-element_type=\"widget\" data-e-type=\"widget\" data-widget_type=\"heading.default\">\n\t\t\t\t\t<h2 class=\"elementor-heading-title elementor-size-default\">Los premios que puedes ganar<\/h2>\t\t\t\t<\/div>\n\t\t\t\t\t<\/div>\n\t\t\t\t<\/div>\n\t\t<div class=\"elementor-element elementor-element-1cb4001 e-flex e-con-boxed e-con e-parent\" data-id=\"1cb4001\" data-element_type=\"container\" data-e-type=\"container\">\n\t\t\t\t\t<div class=\"e-con-inner\">\n\t\t\t\t<div class=\"elementor-element elementor-element-7bb21e5 elementor-arrows-position-inside elementor-pagination-position-outside elementor-widget elementor-widget-image-carousel\" data-id=\"7bb21e5\" data-element_type=\"widget\" data-e-type=\"widget\" data-settings=\"{&quot;slides_to_show_tablet&quot;:&quot;3&quot;,&quot;slides_to_scroll_mobile&quot;:&quot;1&quot;,&quot;navigation&quot;:&quot;both&quot;,&quot;autoplay&quot;:&quot;yes&quot;,&quot;pause_on_hover&quot;:&quot;yes&quot;,&quot;pause_on_interaction&quot;:&quot;yes&quot;,&quot;autoplay_speed&quot;:5000,&quot;infinite&quot;:&quot;yes&quot;,&quot;speed&quot;:500}\" data-widget_type=\"image-carousel.default\">\n\t\t\t\t\t\t\t<div class=\"elementor-image-carousel-wrapper swiper\" role=\"region\" aria-roledescription=\"carousel\" aria-label=\"Image Carousel\" dir=\"ltr\">\n\t\t\t<div class=\"elementor-image-carousel swiper-wrapper\" aria-live=\"off\">\n\t\t\t\t\t\t\t\t<div class=\"swiper-slide\" role=\"group\" aria-roledescription=\"slide\" aria-label=\"1 of 3\"><figure class=\"swiper-slide-inner\"><img decoding=\"async\" class=\"swiper-slide-image\" src=\"https:\/\/casasevolution.com\/m\/mx\/wp-content\/uploads\/sites\/5\/2026\/01\/primerfix.jpg\" alt=\"primerfix\" \/><\/figure><\/div><div class=\"swiper-slide\" role=\"group\" aria-roledescription=\"slide\" aria-label=\"2 of 3\"><figure class=\"swiper-slide-inner\"><img decoding=\"async\" class=\"swiper-slide-image\" src=\"https:\/\/casasevolution.com\/m\/mx\/wp-content\/uploads\/sites\/5\/2026\/01\/segundofix.jpg\" alt=\"segundofix\" \/><\/figure><\/div><div class=\"swiper-slide\" role=\"group\" aria-roledescription=\"slide\" aria-label=\"3 of 3\"><figure class=\"swiper-slide-inner\"><img decoding=\"async\" class=\"swiper-slide-image\" src=\"https:\/\/casasevolution.com\/m\/mx\/wp-content\/uploads\/sites\/5\/2026\/01\/90ed6961-8e3d-4b94-8825-2073b9be3398-1-1.jpg\" alt=\"90ed6961-8e3d-4b94-8825-2073b9be3398 (1)\" \/><\/figure><\/div>\t\t\t<\/div>\n\t\t\t\t\t\t\t\t\t\t\t\t<div class=\"elementor-swiper-button elementor-swiper-button-prev\" role=\"button\" tabindex=\"0\">\n\t\t\t\t\t\t<svg aria-hidden=\"true\" class=\"e-font-icon-svg e-eicon-chevron-left\" viewBox=\"0 0 1000 1000\" xmlns=\"http:\/\/www.w3.org\/2000\/svg\"><path d=\"M646 125C629 125 613 133 604 142L308 442C296 454 292 471 292 487 292 504 296 521 308 533L604 854C617 867 629 875 646 875 663 875 679 871 692 858 704 846 713 829 713 812 713 796 708 779 692 767L438 487 692 225C700 217 708 204 708 187 708 171 704 154 692 142 675 129 663 125 646 125Z\"><\/path><\/svg>\t\t\t\t\t<\/div>\n\t\t\t\t\t<div class=\"elementor-swiper-button elementor-swiper-button-next\" role=\"button\" tabindex=\"0\">\n\t\t\t\t\t\t<svg aria-hidden=\"true\" class=\"e-font-icon-svg e-eicon-chevron-right\" viewBox=\"0 0 1000 1000\" xmlns=\"http:\/\/www.w3.org\/2000\/svg\"><path d=\"M696 533C708 521 713 504 713 487 713 471 708 454 696 446L400 146C388 133 375 125 354 125 338 125 325 129 313 142 300 154 292 171 292 187 292 204 296 221 308 233L563 492 304 771C292 783 288 800 288 817 288 833 296 850 308 863 321 871 338 875 354 875 371 875 388 867 400 854L696 533Z\"><\/path><\/svg>\t\t\t\t\t<\/div>\n\t\t\t\t\n\t\t\t\t\t\t\t\t\t<div class=\"swiper-pagination\"><\/div>\n\t\t\t\t\t\t\t\t\t<\/div>\n\t\t\t\t\t\t<\/div>\n\t\t\t\t\t<\/div>\n\t\t\t\t<\/div>\n\t\t<div class=\"elementor-element elementor-element-5f93f66 e-flex e-con-boxed e-con e-parent\" data-id=\"5f93f66\" data-element_type=\"container\" data-e-type=\"container\">\n\t\t\t\t\t<div class=\"e-con-inner\">\n\t\t\t\t<div class=\"elementor-element elementor-element-c1bc1d0 elementor-button-info elementor-align-center elementor-widget elementor-widget-button\" data-id=\"c1bc1d0\" data-element_type=\"widget\" data-e-type=\"widget\" data-widget_type=\"button.default\">\n\t\t\t\t\t\t\t\t\t\t<a class=\"elementor-button elementor-button-link elementor-size-sm\" href=\"#comprar\">\n\t\t\t\t\t\t<span class=\"elementor-button-content-wrapper\">\n\t\t\t\t\t\t\t\t\t<span class=\"elementor-button-text\">\u00a1Participa Ahora! &gt;<\/span>\n\t\t\t\t\t<\/span>\n\t\t\t\t\t<\/a>\n\t\t\t\t\t\t\t\t<\/div>\n\t\t\t\t\t<\/div>\n\t\t\t\t<\/div>\n\t\t<div class=\"elementor-element elementor-element-76afc34 e-flex e-con-boxed e-con e-parent\" data-id=\"76afc34\" data-element_type=\"container\" data-e-type=\"container\">\n\t\t\t\t\t<div class=\"e-con-inner\">\n\t\t\t\t<div class=\"elementor-element elementor-element-0d7e650 elementor-widget elementor-widget-text-editor\" data-id=\"0d7e650\" data-element_type=\"widget\" data-e-type=\"widget\" data-widget_type=\"text-editor.default\">\n\t\t\t\t\t\t\t\t\t<p>Esta promoci\u00f3n es parte de nuestro lanzamiento en Mexico . Cada persona que adquiere nuestro programa de capacitaci\u00f3n digital durante este per\u00edodo introductorio recibe autom\u00e1ticamente una entrada como bono promocional.<\/p><p class=\"mt-4\">Es nuestra forma de agradecer tu confianza y darte una oportunidad\u00a0<strong>extra<\/strong>\u00a0de ganar mientras aprendes y creces con nosotros.<\/p>\t\t\t\t\t\t\t\t<\/div>\n\t\t\t\t\t<\/div>\n\t\t\t\t<\/div>\n\t\t<div class=\"elementor-element elementor-element-3eee9dc e-flex e-con-boxed e-con e-parent\" data-id=\"3eee9dc\" data-element_type=\"container\" data-e-type=\"container\">\n\t\t\t\t\t<div class=\"e-con-inner\">\n\t\t\t\t<div class=\"elementor-element elementor-element-c7247c2 elementor-widget elementor-widget-heading\" data-id=\"c7247c2\" data-element_type=\"widget\" data-e-type=\"widget\" data-widget_type=\"heading.default\">\n\t\t\t\t\t<h2 class=\"elementor-heading-title elementor-size-default\">No lo imagines. M\u00edralo.<\/h2>\t\t\t\t<\/div>\n\t\t\t\t\t<\/div>\n\t\t\t\t<\/div>\n\t\t<div class=\"elementor-element elementor-element-2309212 e-flex e-con-boxed e-con e-parent\" data-id=\"2309212\" data-element_type=\"container\" data-e-type=\"container\">\n\t\t\t\t\t<div class=\"e-con-inner\">\n\t\t\t\t<div class=\"elementor-element elementor-element-7aecf85 elementor-widget elementor-widget-video\" data-id=\"7aecf85\" data-element_type=\"widget\" data-e-type=\"widget\" data-settings=\"{&quot;youtube_url&quot;:&quot;https:\\\/\\\/www.youtube.com\\\/embed\\\/SezAuDWUbZs?si=8fPhLpMs15xpFv-M?rel=0&amp;modestbranding=1&amp;controls=1&amp;showinfo=0&quot;,&quot;autoplay&quot;:&quot;yes&quot;,&quot;play_on_mobile&quot;:&quot;yes&quot;,&quot;mute&quot;:&quot;yes&quot;,&quot;loop&quot;:&quot;yes&quot;,&quot;video_type&quot;:&quot;youtube&quot;,&quot;controls&quot;:&quot;yes&quot;}\" data-widget_type=\"video.default\">\n\t\t\t\t\t\t\t<div class=\"elementor-wrapper elementor-open-inline\">\n\t\t\t<div class=\"elementor-video\"><\/div>\t\t<\/div>\n\t\t\t\t\t\t<\/div>\n\t\t\t\t\t<\/div>\n\t\t\t\t<\/div>\n\t\t<div class=\"elementor-element elementor-element-1960214 e-flex e-con-boxed e-con e-parent\" data-id=\"1960214\" data-element_type=\"container\" data-e-type=\"container\">\n\t\t\t\t\t<div class=\"e-con-inner\">\n\t\t\t\t<div class=\"elementor-element elementor-element-3218b74 elementor-widget elementor-widget-heading\" data-id=\"3218b74\" data-element_type=\"widget\" data-e-type=\"widget\" data-widget_type=\"heading.default\">\n\t\t\t\t\t<h2 class=\"elementor-heading-title elementor-size-default\">Invierte con Visi\u00f3n | Patent Pending System | La Evoluci\u00f3n a las Casas Modulares<\/h2>\t\t\t\t<\/div>\n\t\t\t\t\t<\/div>\n\t\t\t\t<\/div>\n\t\t<div class=\"elementor-element elementor-element-3b63b32 e-flex e-con-boxed e-con e-parent\" data-id=\"3b63b32\" data-element_type=\"container\" data-e-type=\"container\">\n\t\t\t\t\t<div class=\"e-con-inner\">\n\t\t\t\t<div class=\"elementor-element elementor-element-5191fe0 elementor-widget elementor-widget-image\" data-id=\"5191fe0\" data-element_type=\"widget\" data-e-type=\"widget\" data-widget_type=\"image.default\">\n\t\t\t\t\t\t\t\t\t\t\t\t\t\t\t<img loading=\"lazy\" decoding=\"async\" width=\"1024\" height=\"1024\" src=\"https:\/\/casasevolution.com\/m\/mx\/wp-content\/uploads\/sites\/5\/2026\/01\/simplefmxf.jpg\" class=\"attachment-large size-large wp-image-765\" alt=\"\" srcset=\"https:\/\/casasevolution.com\/m\/mx\/wp-content\/uploads\/sites\/5\/2026\/01\/simplefmxf.jpg 1024w, https:\/\/casasevolution.com\/m\/mx\/wp-content\/uploads\/sites\/5\/2026\/01\/simplefmxf-300x300.jpg 300w, https:\/\/casasevolution.com\/m\/mx\/wp-content\/uploads\/sites\/5\/2026\/01\/simplefmxf-150x150.jpg 150w, https:\/\/casasevolution.com\/m\/mx\/wp-content\/uploads\/sites\/5\/2026\/01\/simplefmxf-768x768.jpg 768w, https:\/\/casasevolution.com\/m\/mx\/wp-content\/uploads\/sites\/5\/2026\/01\/simplefmxf-600x600.jpg 600w, https:\/\/casasevolution.com\/m\/mx\/wp-content\/uploads\/sites\/5\/2026\/01\/simplefmxf-100x100.jpg 100w\" sizes=\"(max-width: 1024px) 100vw, 1024px\" \/>\t\t\t\t\t\t\t\t\t\t\t\t\t\t\t<\/div>\n\t\t\t\t\t<\/div>\n\t\t\t\t<\/div>\n\t\t<div class=\"elementor-element elementor-element-7da3c05 e-flex e-con-boxed e-con e-parent\" data-id=\"7da3c05\" data-element_type=\"container\" data-e-type=\"container\">\n\t\t\t\t\t<div class=\"e-con-inner\">\n\t\t\t\t<div class=\"elementor-element elementor-element-1b7e1e8 elementor-widget elementor-widget-heading\" data-id=\"1b7e1e8\" data-element_type=\"widget\" data-e-type=\"widget\" data-widget_type=\"heading.default\">\n\t\t\t\t\t<h2 class=\"elementor-heading-title elementor-size-default\">Esto no pasa dos veces.<\/h2>\t\t\t\t<\/div>\n\t\t\t\t\t<\/div>\n\t\t\t\t<\/div>\n\t\t<div class=\"elementor-element elementor-element-aff7587 e-flex e-con-boxed e-con e-parent\" data-id=\"aff7587\" data-element_type=\"container\" data-e-type=\"container\" id=\"comprar\">\n\t\t\t\t\t<div class=\"e-con-inner\">\n\t\t\t\t<div class=\"elementor-element elementor-element-ecefcc7 elementor-button-info elementor-align-center elementor-widget elementor-widget-button\" data-id=\"ecefcc7\" data-element_type=\"widget\" data-e-type=\"widget\" data-widget_type=\"button.default\">\n\t\t\t\t\t\t\t\t\t\t<a class=\"elementor-button elementor-button-link elementor-size-sm\" href=\"https:\/\/casasevolution.com\/m\/mx\/product\/adiestramiento-casas-modulares-mx\/\">\n\t\t\t\t\t\t<span class=\"elementor-button-content-wrapper\">\n\t\t\t\t\t\t\t\t\t<span class=\"elementor-button-text\">PARTICIPA AHORA solo $399MXN<\/span>\n\t\t\t\t\t<\/span>\n\t\t\t\t\t<\/a>\n\t\t\t\t\t\t\t\t<\/div>\n\t\t\t\t\t<\/div>\n\t\t\t\t<\/div>\n\t\t\t\t<\/div>\n\t\t","protected":false},"excerpt":{"rendered":"<p>https:\/\/casasevolution.com\/img\/concurso.mp4 Regalamos una Casa Evolution instalada en Mexico \u00a1Participa Ahora! &gt; Ver Premios 2,250 ya participan \u2022 12,750 cupos restantes [&hellip;]<\/p>\n","protected":false},"author":1,"featured_media":0,"parent":0,"menu_order":0,"comment_status":"closed","ping_status":"closed","template":"elementor_theme","meta":{"site-sidebar-layout":"default","site-content-layout":"","ast-site-content-layout":"default","site-content-style":"default","site-sidebar-style":"default","ast-global-header-display":"","ast-banner-title-visibility":"","ast-main-header-display":"","ast-hfb-above-header-display":"","ast-hfb-below-header-display":"","ast-hfb-mobile-header-display":"","site-post-title":"disabled","ast-breadcrumbs-content":"","ast-featured-img":"","footer-sml-layout":"","ast-disable-related-posts":"","theme-transparent-header-meta":"","adv-header-id-meta":"","stick-header-meta":"","header-above-stick-meta":"","header-main-stick-meta":"","header-below-stick-meta":"","astra-migrate-meta-layouts":"default","ast-page-background-enabled":"default","ast-page-background-meta":{"desktop":{"background-color":"var(--ast-global-color-5)","background-image":"","background-repeat":"repeat","background-position":"center center","background-size":"auto","background-attachment":"scroll","background-type":"","background-media":"","overlay-type":"","overlay-color":"","overlay-opacity":"","overlay-gradient":""},"tablet":{"background-color":"","background-image":"","background-repeat":"repeat","background-position":"center center","background-size":"auto","background-attachment":"scroll","background-type":"","background-media":"","overlay-type":"","overlay-color":"","overlay-opacity":"","overlay-gradient":""},"mobile":{"background-color":"","background-image":"","background-repeat":"repeat","background-position":"center center","background-size":"auto","background-attachment":"scroll","background-type":"","background-media":"","overlay-type":"","overlay-color":"","overlay-opacity":"","overlay-gradient":""}},"ast-content-background-meta":{"desktop":{"background-color":"var(--ast-global-color-4)","background-image":"","background-repeat":"repeat","background-position":"center center","background-size":"auto","background-attachment":"scroll","background-type":"","background-media":"","overlay-type":"","overlay-color":"","overlay-opacity":"","overlay-gradient":""},"tablet":{"background-color":"var(--ast-global-color-4)","background-image":"","background-repeat":"repeat","background-position":"center center","background-size":"auto","background-attachment":"scroll","background-type":"","background-media":"","overlay-type":"","overlay-color":"","overlay-opacity":"","overlay-gradient":""},"mobile":{"background-color":"var(--ast-global-color-4)","background-image":"","background-repeat":"repeat","background-position":"center center","background-size":"auto","background-attachment":"scroll","background-type":"","background-media":"","overlay-type":"","overlay-color":"","overlay-opacity":"","overlay-gradient":""}},"ngg_post_thumbnail":0,"footnotes":""},"class_list":["post-85","page","type-page","status-publish","hentry"],"_links":{"self":[{"href":"https:\/\/casasevolution.com\/m\/mx\/wp-json\/wp\/v2\/pages\/85","targetHints":{"allow":["GET"]}}],"collection":[{"href":"https:\/\/casasevolution.com\/m\/mx\/wp-json\/wp\/v2\/pages"}],"about":[{"href":"https:\/\/casasevolution.com\/m\/mx\/wp-json\/wp\/v2\/types\/page"}],"author":[{"embeddable":true,"href":"https:\/\/casasevolution.com\/m\/mx\/wp-json\/wp\/v2\/users\/1"}],"replies":[{"embeddable":true,"href":"https:\/\/casasevolution.com\/m\/mx\/wp-json\/wp\/v2\/comments?post=85"}],"version-history":[{"count":317,"href":"https:\/\/casasevolution.com\/m\/mx\/wp-json\/wp\/v2\/pages\/85\/revisions"}],"predecessor-version":[{"id":813,"href":"https:\/\/casasevolution.com\/m\/mx\/wp-json\/wp\/v2\/pages\/85\/revisions\/813"}],"wp:attachment":[{"href":"https:\/\/casasevolution.com\/m\/mx\/wp-json\/wp\/v2\/media?parent=85"}],"curies":[{"name":"wp","href":"https:\/\/api.w.org\/{rel}","templated":true}]}}