{"id":116,"date":"2026-01-24T11:47:54","date_gmt":"2026-01-24T11:47:54","guid":{"rendered":"https:\/\/casasevolution.com\/m\/mx\/?page_id=116"},"modified":"2026-01-27T02:26:05","modified_gmt":"2026-01-27T02:26:05","slug":"contactenos","status":"publish","type":"page","link":"https:\/\/casasevolution.com\/m\/mx\/contactenos\/","title":{"rendered":"Cont\u00e1ctenos"},"content":{"rendered":"\n<section id=\"contacto\" style=\"max-width:720px;margin:0 auto;padding:40px 20px\">\n  <h2>Solicite m\u00e1s informaci\u00f3n<\/h2>\n  <p>Atenderemos sus dudas lo antes posible, gracias anticipadas.<\/p>\n\n  <div class=\"form-panel\">\n   <form action=\"https:\/\/formsubmit.co\/casasevolution@gmail.com\" method=\"post\">\n\n  <input type=\"hidden\" name=\"_subject\" value=\"Nuevo lead - Casas Evolution\">\n  <input type=\"hidden\" name=\"_template\" value=\"table\">\n  <input type=\"hidden\" name=\"_captcha\" value=\"true\">\n  <input type=\"hidden\" name=\"_next\" value=\"https:\/\/casasevolution.com\/#contacto\">\n <input type=\"text\" name=\"_honey\" style=\"display:none\">\n\n  <div>\n    <label>Nombre<\/label>\n    <input type=\"text\" name=\"Nombre\" placeholder=\"Tu nombre\" required>\n  <\/div>\n\n  <div>\n    <label>Tel\u00e9fono<\/label>\n    <input type=\"tel\" name=\"Telefono\" placeholder=\"(787) 925-3420\" required>\n  <\/div>\n\n  <div>\n    <label>Email<\/label>\n    <input type=\"email\" name=\"Email\" placeholder=\"tu@email.com\" required>\n  <\/div>\n\n  <div>\n    <label>Inter\u00e9s<\/label>\n    <select name=\"Interes\" required>\n      <option value=\"\" disabled selected>Selecciona una opci\u00f3n<\/option>\n      <option>Deluxe Villa House<\/option>\n      <option>Evo Villa House<\/option>\n      <option>Ultra Villa House<\/option>\n      <option>Escape Villa House<\/option>\n      <option>Urbanica Glass House<\/option>\n      <option>Premium Villa Box<\/option>\n      <option>Proyecto (2+ unidades)<\/option>\n      <option>Quiero ser distribuidor<\/option>\n    <\/select>\n  <\/div>\n\n  <div>\n    <label>Ubicaci\u00f3n del terreno<\/label>\n    <input type=\"text\" name=\"Ubicacion\" placeholder=\"Ciudad \/ \u00e1rea\">\n  <\/div>\n\n  <div>\n    <label>Mensaje<\/label>\n    <textarea name=\"Mensaje\" placeholder=\"Cu\u00e9ntanos tu idea...\"><\/textarea>\n  <\/div>\n\n  <button type=\"submit\">Enviar solicitud<\/button>\n<\/form>\n  <\/div>\n<\/section>\n","protected":false},"excerpt":{"rendered":"<p>Solicite m\u00e1s informaci\u00f3n Atenderemos sus dudas lo antes posible, gracias anticipadas. Nombre Tel\u00e9fono Email Inter\u00e9s Selecciona una opci\u00f3nDeluxe Villa HouseEvo [&hellip;]<\/p>\n","protected":false},"author":1,"featured_media":0,"parent":0,"menu_order":0,"comment_status":"closed","ping_status":"closed","template":"elementor_header_footer","meta":{"site-sidebar-layout":"default","site-content-layout":"","ast-site-content-layout":"default","site-content-style":"default","site-sidebar-style":"default","ast-global-header-display":"","ast-banner-title-visibility":"","ast-main-header-display":"","ast-hfb-above-header-display":"","ast-hfb-below-header-display":"","ast-hfb-mobile-header-display":"","site-post-title":"","ast-breadcrumbs-content":"","ast-featured-img":"","footer-sml-layout":"","ast-disable-related-posts":"","theme-transparent-header-meta":"","adv-header-id-meta":"","stick-header-meta":"","header-above-stick-meta":"","header-main-stick-meta":"","header-below-stick-meta":"","astra-migrate-meta-layouts":"default","ast-page-background-enabled":"default","ast-page-background-meta":{"desktop":{"background-color":"var(--ast-global-color-5)","background-image":"","background-repeat":"repeat","background-position":"center center","background-size":"auto","background-attachment":"scroll","background-type":"","background-media":"","overlay-type":"","overlay-color":"","overlay-opacity":"","overlay-gradient":""},"tablet":{"background-color":"","background-image":"","background-repeat":"repeat","background-position":"center center","background-size":"auto","background-attachment":"scroll","background-type":"","background-media":"","overlay-type":"","overlay-color":"","overlay-opacity":"","overlay-gradient":""},"mobile":{"background-color":"","background-image":"","background-repeat":"repeat","background-position":"center center","background-size":"auto","background-attachment":"scroll","background-type":"","background-media":"","overlay-type":"","overlay-color":"","overlay-opacity":"","overlay-gradient":""}},"ast-content-background-meta":{"desktop":{"background-color":"var(--ast-global-color-4)","background-image":"","background-repeat":"repeat","background-position":"center center","background-size":"auto","background-attachment":"scroll","background-type":"","background-media":"","overlay-type":"","overlay-color":"","overlay-opacity":"","overlay-gradient":""},"tablet":{"background-color":"var(--ast-global-color-4)","background-image":"","background-repeat":"repeat","background-position":"center center","background-size":"auto","background-attachment":"scroll","background-type":"","background-media":"","overlay-type":"","overlay-color":"","overlay-opacity":"","overlay-gradient":""},"mobile":{"background-color":"var(--ast-global-color-4)","background-image":"","background-repeat":"repeat","background-position":"center center","background-size":"auto","background-attachment":"scroll","background-type":"","background-media":"","overlay-type":"","overlay-color":"","overlay-opacity":"","overlay-gradient":""}},"ngg_post_thumbnail":0,"footnotes":""},"class_list":["post-116","page","type-page","status-publish","hentry"],"_links":{"self":[{"href":"https:\/\/casasevolution.com\/m\/mx\/wp-json\/wp\/v2\/pages\/116","targetHints":{"allow":["GET"]}}],"collection":[{"href":"https:\/\/casasevolution.com\/m\/mx\/wp-json\/wp\/v2\/pages"}],"about":[{"href":"https:\/\/casasevolution.com\/m\/mx\/wp-json\/wp\/v2\/types\/page"}],"author":[{"embeddable":true,"href":"https:\/\/casasevolution.com\/m\/mx\/wp-json\/wp\/v2\/users\/1"}],"replies":[{"embeddable":true,"href":"https:\/\/casasevolution.com\/m\/mx\/wp-json\/wp\/v2\/comments?post=116"}],"version-history":[{"count":6,"href":"https:\/\/casasevolution.com\/m\/mx\/wp-json\/wp\/v2\/pages\/116\/revisions"}],"predecessor-version":[{"id":729,"href":"https:\/\/casasevolution.com\/m\/mx\/wp-json\/wp\/v2\/pages\/116\/revisions\/729"}],"wp:attachment":[{"href":"https:\/\/casasevolution.com\/m\/mx\/wp-json\/wp\/v2\/media?parent=116"}],"curies":[{"name":"wp","href":"https:\/\/api.w.org\/{rel}","templated":true}]}}